{"id":13365,"date":"2025-05-06T17:07:12","date_gmt":"2025-05-06T15:07:12","guid":{"rendered":"https:\/\/www.geo.uni-mainz.de\/?page_id=13365"},"modified":"2025-11-25T13:00:12","modified_gmt":"2025-11-25T12:00:12","slug":"anton-escher","status":"publish","type":"page","link":"https:\/\/www.geo.uni-mainz.de\/en\/persons\/anton-escher\/","title":{"rendered":"Anton Escher"},"content":{"rendered":"\n<div class=\"wp-block-columns is-layout-flex wp-container-core-columns-is-layout-9d6595d7 wp-block-columns-is-layout-flex\">\n<div class=\"wp-block-column is-layout-flow wp-block-column-is-layout-flow\"><jgu-base-heading react-props=\"{\n    &quot;index&quot;: &quot;Prof. Dr.  &quot;,\n    &quot;tags&quot;: {\n        &quot;htmlTag&quot;: &quot;h2&quot;,\n        &quot;classTag&quot;: &quot;&quot;,\n        &quot;tag&quot;: &quot;h2&quot;\n    },\n    &quot;heading&quot;: &quot;Anton J. Escher&quot;,\n    &quot;textAlign&quot;: &quot;left&quot;,\n    &quot;anchor&quot;: &quot;&quot;,\n    &quot;color&quot;: &quot;red&quot;\n}\"><\/jgu-base-heading>\n\n\n<jgu-base-alertbox react-props=\"{\n    &quot;headline&quot;: &quot;&lt;strong&gt;Taught Research Projects&lt;\\\/strong&gt;&quot;,\n    &quot;subline&quot;: &quot;All about \\&quot;Marrakech\\&quot;&lt;br&gt;All about \\&quot;Cruises\\&quot;&lt;br&gt;All about \\&quot;Place and memory\\&quot;&quot;,\n    &quot;icon&quot;: &quot;university-solid&quot;,\n    &quot;iconColor&quot;: &quot;red&quot;,\n    &quot;iconOverHeadline&quot;: true,\n    &quot;headlineColor&quot;: &quot;dark&quot;,\n    &quot;children&quot;: &quot;&quot;,\n    &quot;isPreview&quot;: false\n}\">\n    \n<\/jgu-base-alertbox>\n\n<jgu-base-accordion react-props=\"{&quot;selected&quot;:2,&quot;align&quot;:&quot;wide&quot;,&quot;hasAllOpenButton&quot;:true,&quot;onlyOne&quot;:false,&quot;initAllClosed&quot;:true,&quot;enableSearch&quot;:false}\">\n    \n<jgu-base-accordionitem react-props=\"{&quot;title&quot;:&quot;Training and scientific career&quot;,&quot;init&quot;:false,&quot;slug&quot;:&quot;ausbildung-und-wissenschaftliche-karriere&quot;,&quot;align&quot;:&quot;wide&quot;,&quot;customSlug&quot;:false}\">\n    \n\n<ul class=\"wp-block-list\">\n<li><strong>1976 &#8211; 1981<\/strong>: MA in Geography, Philosophy and Islamic Studies, University of Erlangen-Nuremberg<\/li>\n\n\n\n<li><strong>1981 &#8211; 1985<\/strong>: Research assistant, Institute of Geography, University of Erlangen-Nuremberg<\/li>\n\n\n\n<li><strong>1985<\/strong>: Doctorate in Geography, University of Erlangen-Nuremberg<\/li>\n\n\n\n<li><strong>1985 &#8211; 1991<\/strong>: Adjunct lecturer, Department of Geography, University of Erlangen-Nuremberg<\/li>\n\n\n\n<li><strong>1990<\/strong>: Habilitation in Geography, University of Erlangen-Nuremberg<\/li>\n\n\n\n<li><strong>1991 &#8211; 1993<\/strong>: Research assistant, Institute of Geography, University of Erlangen-Nuremberg<\/li>\n\n\n\n<li><strong>1993 &#8211; 1994<\/strong>: Substitute Professor, Institute of Geographical Sciences, University of Berlin (FU)<\/li>\n\n\n\n<li><strong>1994 &#8211; 1995<\/strong>: Adjunct lecturer, Department of Geography, University of Erlangen-Nuremberg<\/li>\n\n\n\n<li><strong>1995 &#8211; 1996<\/strong>: Substitute Professor, Department of Geography, University of Mainz<\/li>\n\n\n\n<li><strong>1996 &#8211; 2022<\/strong>: Full Professor, Department of Geography, University of Mainz<\/li>\n\n\n\n<li><\/li>\n<\/ul>\n\n\n<\/jgu-base-accordionitem>\n\n<jgu-base-accordionitem react-props=\"{&quot;title&quot;:&quot;Publications&quot;,&quot;init&quot;:false,&quot;slug&quot;:&quot;publikationen&quot;,&quot;align&quot;:&quot;wide&quot;,&quot;customSlug&quot;:false}\">\n    \n\n<p>Escher Anton and Karner Marie Johanna (2025): Major events: &#8220;Place branding&#8221;. In: Demmelhuber, T. and N. Scharfenort (eds.): The Arabian Peninsula. Geography and politics. Springer, 183-194. (eBook)<a href=\"https:\/\/doi.org\/10.1007\/978-3-662-70217-8\"> https:\/\/doi.org\/10.1007\/978-3-662-70217-8<\/a> <\/p>\n\n\n\n<p>Marie Johanna Karner, Shadia Husseini de Ara\u00fajo, Anton Jakob Escher, S\u00e1via Bona Vasconcelos Soares, Zenilda Lopes Ribeiro, Sebastian Nicolas P\u00f6schl, Jade Oliveira Ramos, Gabriel Rodrigues Rocha e Silva and Katharina Schneider (2024): &#8220;Culture-Touristification&#8221; of Colonial Towns in the interior of Brazil. Geography 78\/3, 225-244.<\/p>\n\n\n\n<p>Escher, Anton (2024): The geographical construction of the &#8216;Orient&#8217; and the image of Islam in the works of Ewald Banse. In: Thomas, D. and Chesworth, J. (eds.): Christian- Muslim Relations. A Bibliographical History 22 Central Europe (1800-1914), 529-536.<\/p>\n\n\n\n<p>Escher, A. (2024): &#8220;Reimagining National Identity&#8221;? Geography of migration using the example of the Federal Republic of Germany. In: V. Wilhelmi, E. Theve\u00dfen and F. Pfeil (eds.): Geographies of Violence: Geographies of Migration. Current conflicts and didactic impulses. Mainz Contact Studies in Geography 23, Mainz, 35-47.<\/p>\n\n\n\n<p>Escher, A, J. (2024): The Syrian cab driver. Migrant narratives or narratives of a researcher? In: B. B\u00f6nisch-Brednich, S. Meyer, A. Christou, M. J. Karner and A. Escher (eds.): Migrant Narratives: Storytelling as Agency, Belonging and Community. Abingdon: Routledge, 107-120.<\/p>\n\n\n\n<p>Escher, A. J. (2024): Silences and voids in gendered narratives. In: B. B\u00f6nisch-Brednich, S. Meyer, A. Christou, M. J. Karner and A. Escher (eds.): Migrant Narratives: Storytelling as Agency, Belonging and Community. Abingdon: Routledge, 103-105.<\/p>\n\n\n\n<p>Escher, A., A. Izzo and M. Karner (2023): Who is a refugee where and when? Designation and treatment of Syrians in Lebanon and other neighboring countries of Syria. In: movements. Journal for Critical Migration and Border Regime Studies 7 (1): 135-156.<\/p>\n\n\n\n<p>Escher, A. (2022): Oulad Sidi Ahmed ou Moussa and Moroccan Acorbats: Wanderers between the Worlds. In: <a href=\"https:\/\/tekstallmenningen.no\/butikk\/kunst-kultur\/side-magazine-6-an-acrobats\/\" target=\"_blank\" rel=\"noreferrer noopener\">Side Magazine 6. An Acrobats<\/a>, 24-35.<\/p>\n\n\n\n<p>Escher, A., M. Karner and H. Rapp (2021): Cinematic cruising: Reel and real spaces between imagination and experience. In: Research Outreach, 126. Online: <a href=\"https:\/\/doi.org\/10.32907\/RO-126-1870901183\" target=\"_blank\" rel=\"noreferrer noopener\">https:\/\/doi.org\/10.32907\/RO-126-1870901183<\/a><\/p>\n\n\n\n<p>Escher, A. and M. Karner (2021): <a href=\"https:\/\/www.westermann.de\/anlage\/4639729\/EXPO-2020-in-Dubai-die-nachhaltigste-Weltausstellung-aller-Zeiten\" target=\"_blank\" rel=\"noreferrer noopener\">EXPO 2020 in Dubai &#8211; the most sustainable world exhibition ever?<\/a> In: Geographische Rundschau 73 (9): 46-51.<\/p>\n\n\n\n<p>Escher, A. (2021): Pandora (encyclopedia). In: der blaue reiter. Journal of Philosophy, 88-89.<\/p>\n\n\n\n<p>Escher, A. (2021): &#8220;Science is not a concert of wishes&#8221;. Reflections on the responsibility of (cultural) geography. In: M. Dickel and H. J. B\u00f6hmer (eds.):  <a href=\"https:\/\/www.transcript-verlag.de\/978-3-8376-5665-7\/die-verantwortung-der-geographie\/\" target=\"_blank\" rel=\"noreferrer noopener\">The responsibility of geography. Orientation for reflexive research.<\/a>  Bielefeld, 211-228.<\/p>\n\n\n\n<p>Escher, A., M. Karner and H. Rapp (2021): Cinematic cruising: Reel imagination and real experience for pleasure on the high seas. In: Tourism and Hospitality Research 21(3): 374-385. Online: <a href=\"https:\/\/doi.org\/10.1177\/14673584211011711\">https:\/\/doi.org\/10.1177\/14673584211011711<\/a><\/p>\n\n\n\n<p>Escher, A. (2021): &#8220;We are still here!&#8221; American Indians, Indian Tribes and Indian Nations in the USA. In: V. Wilhelmi, E. Theve\u00dfen and F. Pfeil (eds.): Geographies of Violence: The USA at the Turning Point &#8211; Geographical Perspectives. Mainzer Kontaktstudium Geographie 19. Mainz, 72-97 [Information on <a href=\"https:\/\/www.geo.uni-mainz.de\/mainzer-kontaktstudium-geographie-band-19\/\" target=\"_blank\" rel=\"noreferrer noopener\">ordering<\/a>].<\/p>\n\n\n\n<p>Escher, Anton (2026): Escape into Myth or Strategy for Community and Identity? The Whale Rider by Witi Ihimaera. In: Julia Sander, Anke Vogel, Wolfgang J\u00e4ger (eds.): Reading Nature and Cultures. Interdisciplinary Perspectives on Witi Ihimaera&#8217;s &#8220;The Whale Rider&#8221; and its Contexts. Bielefeld. transcript, 205-212.     <\/p>\n\n\n<\/jgu-base-accordionitem>\n\n<\/jgu-base-accordion>\n<\/div>\n\n\n\n<div class=\"wp-block-column is-layout-flow wp-block-column-is-layout-flow\">\n<div class=\"wp-block-columns is-layout-flex wp-container-core-columns-is-layout-9d6595d7 wp-block-columns-is-layout-flex\">\n<div class=\"wp-block-column is-layout-flow wp-block-column-is-layout-flow\"><jgu-base-image react-props=\"{\n    &quot;image&quot;: {\n        &quot;url&quot;: null,\n        &quot;id&quot;: 9241\n    },\n    &quot;align&quot;: &quot;&quot;,\n    &quot;hasLightbox&quot;: false,\n    &quot;caption&quot;: &quot;&quot;,\n    &quot;imgWidth&quot;: 0,\n    &quot;link&quot;: {\n        &quot;url&quot;: &quot;&quot;,\n        &quot;target&quot;: &quot;&quot;,\n        &quot;rel&quot;: &quot;&quot;\n    }\n}\" class=\"align-\">\n    \n<\/jgu-base-image>\n\n<jgu-base-image react-props=\"{\n    &quot;image&quot;: {\n        &quot;url&quot;: null,\n        &quot;id&quot;: 9462\n    },\n    &quot;align&quot;: &quot;&quot;,\n    &quot;hasLightbox&quot;: false,\n    &quot;caption&quot;: &quot;&quot;,\n    &quot;imgWidth&quot;: 0,\n    &quot;link&quot;: {\n        &quot;url&quot;: &quot;&quot;,\n        &quot;target&quot;: &quot;&quot;,\n        &quot;rel&quot;: &quot;&quot;\n    }\n}\" class=\"align-\">\n    \n<\/jgu-base-image>\n\n<jgu-base-image react-props=\"{\n    &quot;image&quot;: {\n        &quot;url&quot;: &quot;https:\\\/\\\/cms.zdv.uni-mainz.de\\\/fb09institut-geographie\\\/wp-content\\\/uploads\\\/sites\\\/231\\\/2025\\\/05\\\/Anton_Escher-scaled-1.jpg&quot;,\n        &quot;id&quot;: 11454,\n        &quot;title&quot;: &quot;Anton_Escher-scaled&quot;,\n        &quot;width&quot;: 2229,\n        &quot;height&quot;: 2560,\n        &quot;srcset&quot;: &quot;https:\\\/\\\/cms.zdv.uni-mainz.de\\\/fb09institut-geographie\\\/wp-content\\\/uploads\\\/sites\\\/231\\\/2025\\\/05\\\/Anton_Escher-scaled-1.jpg 2229w, https:\\\/\\\/cms.zdv.uni-mainz.de\\\/fb09institut-geographie\\\/wp-content\\\/uploads\\\/sites\\\/231\\\/2025\\\/05\\\/Anton_Escher-scaled-1-261x300.jpg 261w, https:\\\/\\\/cms.zdv.uni-mainz.de\\\/fb09institut-geographie\\\/wp-content\\\/uploads\\\/sites\\\/231\\\/2025\\\/05\\\/Anton_Escher-scaled-1-892x1024.jpg 892w, https:\\\/\\\/cms.zdv.uni-mainz.de\\\/fb09institut-geographie\\\/wp-content\\\/uploads\\\/sites\\\/231\\\/2025\\\/05\\\/Anton_Escher-scaled-1-768x882.jpg 768w, https:\\\/\\\/cms.zdv.uni-mainz.de\\\/fb09institut-geographie\\\/wp-content\\\/uploads\\\/sites\\\/231\\\/2025\\\/05\\\/Anton_Escher-scaled-1-1337x1536.jpg 1337w, https:\\\/\\\/cms.zdv.uni-mainz.de\\\/fb09institut-geographie\\\/wp-content\\\/uploads\\\/sites\\\/231\\\/2025\\\/05\\\/Anton_Escher-scaled-1-1783x2048.jpg 1783w&quot;\n    },\n    &quot;align&quot;: &quot;&quot;,\n    &quot;hasLightbox&quot;: false,\n    &quot;caption&quot;: &quot;&quot;,\n    &quot;imgWidth&quot;: 0,\n    &quot;link&quot;: {\n        &quot;url&quot;: &quot;&quot;,\n        &quot;target&quot;: &quot;&quot;,\n        &quot;rel&quot;: &quot;&quot;\n    }\n}\" class=\"align-\">\n    \n<\/jgu-base-image><\/div>\n\n\n\n<div class=\"wp-block-column is-layout-flow wp-block-column-is-layout-flow\"><jgu-base-contactcard react-props=\"{\n    &quot;name&quot;: &quot;Prof. Dr. Anton Escher&quot;,\n    &quot;align&quot;: &quot;wide&quot;,\n    &quot;actions&quot;: [],\n    &quot;color&quot;: &quot;default&quot;\n}\">\n    \n<jgu-base-listitem react-props=\"{\n    &quot;icon&quot;: &quot;envelope-solid&quot;,\n    &quot;title&quot;: &quot;escher@uni-mainz.de&quot;,\n    &quot;uuid&quot;: &quot;1746543656174&quot;,\n    &quot;align&quot;: &quot;wide&quot;,\n    &quot;showInActions&quot;: false,\n    &quot;allowNesting&quot;: true,\n    &quot;showExpandableContent&quot;: false,\n    &quot;expandableContent&quot;: &quot;&quot;,\n    &quot;link&quot;: {\n        &quot;url&quot;: &quot;&quot;\n    }\n}\">\n    \n<\/jgu-base-listitem>\n\n<\/jgu-base-contactcard><\/div>\n<\/div>\n<\/div>\n<\/div>\n\n<div style=\"height:90px\" aria-hidden=\"true\" class=\"wp-block-spacer\"><\/div>\n<jgu-base-button style=\"display: flex; flex-wrap: wrap; column-gap: 30px; max-width: 100%; flex-direction: row; justify-content: left\">\n  \n<jgu-base-buttonitem react-props=\"{\n    &quot;text&quot;: &quot;Further publications&quot;,\n    &quot;link&quot;: {\n        &quot;url&quot;: &quot;https:\\\/\\\/www.geo.uni-mainz.de\\\/publikationen-anton-escher\\\/&quot;,\n        &quot;linkTarget&quot;: &quot;&quot;,\n        &quot;rel&quot;: &quot;&quot;,\n        &quot;id&quot;: &quot;https:\\\/\\\/www.geo.uni-mainz.de\\\/publikationen-anton-escher\\\/&quot;,\n        &quot;title&quot;: &quot;https:\\\/\\\/www.geo.uni-mainz.de\\\/publikationen-anton-escher\\\/&quot;,\n        &quot;type&quot;: &quot;link&quot;\n    },\n    &quot;align&quot;: &quot;left&quot;,\n    &quot;styling&quot;: &quot;primary&quot;,\n    &quot;icon&quot;: &quot;arrow-right-solid&quot;,\n    &quot;type&quot;: &quot;default&quot;,\n    &quot;iconBefore&quot;: false,\n    &quot;isSmall&quot;: false,\n    &quot;fullWidth&quot;: false,\n    &quot;className&quot;: &quot;&quot;\n}\"><\/jgu-base-buttonitem>\n\n<\/jgu-base-button>\n<div style=\"height:443px\" aria-hidden=\"true\" class=\"wp-block-spacer\"><\/div>\n    <div style=\"display: none\">\n        \n    <\/div>","protected":false},"excerpt":{"rendered":"","protected":false},"author":484,"featured_media":0,"parent":13818,"menu_order":0,"comment_status":"closed","ping_status":"closed","template":"","meta":{"footnotes":""},"categories":[],"tags":[],"class_list":["post-13365","page","type-page","status-publish","hentry"],"content_raw":"<!-- wp:columns -->\n<div class=\"wp-block-columns\"><!-- wp:column -->\n<div class=\"wp-block-column\"><!-- wp:jgu\/heading {\"index\":\"Prof. Dr.  \",\"tags\":{\"htmlTag\":\"h2\",\"classTag\":\"\",\"tag\":\"h2\"},\"heading\":\"Anton J. Escher\"} \/-->\n\n<!-- wp:jgu\/alertbox {\"headline\":\"\\u003Cstrong\\u003ETaught Research Projects\\u003C\/strong\\u003E\",\"subline\":\"All about \\u0022Marrakech\\u0022\\u003Cbr\\u003EAll about \\u0022Cruises\\u0022\\u003Cbr\\u003EAll about \\u0022Place and memory\\u0022\",\"icon\":\"university-solid\",\"iconColor\":\"red\",\"iconOverHeadline\":true} \/-->\n\n<!-- wp:jgu\/accordion {\"selected\":2} -->\n<!-- wp:jgu\/accordion-item {\"title\":\"Training and scientific career\",\"init\":false,\"slug\":\"ausbildung-und-wissenschaftliche-karriere\"} -->\n<!-- wp:list -->\n<ul><!-- wp:list-item {\"translatedWithWPMLTM\":\"1\"} -->\n<li><strong>1976 - 1981<\/strong>: MA in Geography, Philosophy and Islamic Studies, University of Erlangen-Nuremberg<\/li>\n<!-- \/wp:list-item -->\n\n<!-- wp:list-item {\"translatedWithWPMLTM\":\"1\"} -->\n<li><strong>1981 - 1985<\/strong>: Research assistant, Institute of Geography, University of Erlangen-Nuremberg<\/li>\n<!-- \/wp:list-item -->\n\n<!-- wp:list-item {\"translatedWithWPMLTM\":\"1\"} -->\n<li><strong>1985<\/strong>: Doctorate in Geography, University of Erlangen-Nuremberg<\/li>\n<!-- \/wp:list-item -->\n\n<!-- wp:list-item {\"translatedWithWPMLTM\":\"1\"} -->\n<li><strong>1985 - 1991<\/strong>: Adjunct lecturer, Department of Geography, University of Erlangen-Nuremberg<\/li>\n<!-- \/wp:list-item -->\n\n<!-- wp:list-item {\"translatedWithWPMLTM\":\"1\"} -->\n<li><strong>1990<\/strong>: Habilitation in Geography, University of Erlangen-Nuremberg<\/li>\n<!-- \/wp:list-item -->\n\n<!-- wp:list-item {\"translatedWithWPMLTM\":\"1\"} -->\n<li><strong>1991 - 1993<\/strong>: Research assistant, Institute of Geography, University of Erlangen-Nuremberg<\/li>\n<!-- \/wp:list-item -->\n\n<!-- wp:list-item {\"translatedWithWPMLTM\":\"1\"} -->\n<li><strong>1993 - 1994<\/strong>: Substitute Professor, Institute of Geographical Sciences, University of Berlin (FU)<\/li>\n<!-- \/wp:list-item -->\n\n<!-- wp:list-item {\"translatedWithWPMLTM\":\"1\"} -->\n<li><strong>1994 - 1995<\/strong>: Adjunct lecturer, Department of Geography, University of Erlangen-Nuremberg<\/li>\n<!-- \/wp:list-item -->\n\n<!-- wp:list-item {\"translatedWithWPMLTM\":\"1\"} -->\n<li><strong>1995 - 1996<\/strong>: Substitute Professor, Department of Geography, University of Mainz<\/li>\n<!-- \/wp:list-item -->\n\n<!-- wp:list-item {\"translatedWithWPMLTM\":\"1\"} -->\n<li><strong>1996 - 2022<\/strong>: Full Professor, Department of Geography, University of Mainz<\/li>\n<!-- \/wp:list-item -->\n\n<!-- wp:list-item -->\n<li><\/li>\n<!-- \/wp:list-item --><\/ul>\n<!-- \/wp:list -->\n<!-- \/wp:jgu\/accordion-item -->\n\n<!-- wp:jgu\/accordion-item {\"title\":\"Publications\",\"init\":false,\"slug\":\"publikationen\"} -->\n<!-- wp:paragraph {\"translatedWithWPMLTM\":\"1\"} -->\n<p>Escher Anton and Karner Marie Johanna (2025): Major events: \"Place branding\". In: Demmelhuber, T. and N. Scharfenort (eds.): The Arabian Peninsula. Geography and politics. Springer, 183-194. (eBook)<a href=\"https:\/\/doi.org\/10.1007\/978-3-662-70217-8\"> https:\/\/doi.org\/10.1007\/978-3-662-70217-8<\/a> <\/p>\n<!-- \/wp:paragraph -->\n\n<!-- wp:paragraph {\"translatedWithWPMLTM\":\"1\"} -->\n<p>Marie Johanna Karner, Shadia Husseini de Ara\u00fajo, Anton Jakob Escher, S\u00e1via Bona Vasconcelos Soares, Zenilda Lopes Ribeiro, Sebastian Nicolas P\u00f6schl, Jade Oliveira Ramos, Gabriel Rodrigues Rocha e Silva and Katharina Schneider (2024): \"Culture-Touristification\" of Colonial Towns in the interior of Brazil. Geography 78\/3, 225-244.<\/p>\n<!-- \/wp:paragraph -->\n\n<!-- wp:paragraph {\"translatedWithWPMLTM\":\"1\"} -->\n<p>Escher, Anton (2024): The geographical construction of the 'Orient' and the image of Islam in the works of Ewald Banse. In: Thomas, D. and Chesworth, J. (eds.): Christian- Muslim Relations. A Bibliographical History 22 Central Europe (1800-1914), 529-536.<\/p>\n<!-- \/wp:paragraph -->\n\n<!-- wp:paragraph {\"translatedWithWPMLTM\":\"1\"} -->\n<p>Escher, A. (2024): \"Reimagining National Identity\"? Geography of migration using the example of the Federal Republic of Germany. In: V. Wilhelmi, E. Theve\u00dfen and F. Pfeil (eds.): Geographies of Violence: Geographies of Migration. Current conflicts and didactic impulses. Mainz Contact Studies in Geography 23, Mainz, 35-47.<\/p>\n<!-- \/wp:paragraph -->\n\n<!-- wp:paragraph {\"translatedWithWPMLTM\":\"1\"} -->\n<p>Escher, A, J. (2024): The Syrian cab driver. Migrant narratives or narratives of a researcher? In: B. B\u00f6nisch-Brednich, S. Meyer, A. Christou, M. J. Karner and A. Escher (eds.): Migrant Narratives: Storytelling as Agency, Belonging and Community. Abingdon: Routledge, 107-120.<\/p>\n<!-- \/wp:paragraph -->\n\n<!-- wp:paragraph {\"translatedWithWPMLTM\":\"1\"} -->\n<p>Escher, A. J. (2024): Silences and voids in gendered narratives. In: B. B\u00f6nisch-Brednich, S. Meyer, A. Christou, M. J. Karner and A. Escher (eds.): Migrant Narratives: Storytelling as Agency, Belonging and Community. Abingdon: Routledge, 103-105.<\/p>\n<!-- \/wp:paragraph -->\n\n<!-- wp:paragraph {\"translatedWithWPMLTM\":\"1\"} -->\n<p>Escher, A., A. Izzo and M. Karner (2023): Who is a refugee where and when? Designation and treatment of Syrians in Lebanon and other neighboring countries of Syria. In: movements. Journal for Critical Migration and Border Regime Studies 7 (1): 135-156.<\/p>\n<!-- \/wp:paragraph -->\n\n<!-- wp:paragraph {\"translatedWithWPMLTM\":\"1\"} -->\n<p>Escher, A. (2022): Oulad Sidi Ahmed ou Moussa and Moroccan Acorbats: Wanderers between the Worlds. In: <a href=\"https:\/\/tekstallmenningen.no\/butikk\/kunst-kultur\/side-magazine-6-an-acrobats\/\" target=\"_blank\" rel=\"noreferrer noopener\">Side Magazine 6. An Acrobats<\/a>, 24-35.<\/p>\n<!-- \/wp:paragraph -->\n\n<!-- wp:paragraph {\"translatedWithWPMLTM\":\"1\"} -->\n<p>Escher, A., M. Karner and H. Rapp (2021): Cinematic cruising: Reel and real spaces between imagination and experience. In: Research Outreach, 126. Online: <a href=\"https:\/\/doi.org\/10.32907\/RO-126-1870901183\" target=\"_blank\" rel=\"noreferrer noopener\">https:\/\/doi.org\/10.32907\/RO-126-1870901183<\/a><\/p>\n<!-- \/wp:paragraph -->\n\n<!-- wp:paragraph {\"translatedWithWPMLTM\":\"1\"} -->\n<p>Escher, A. and M. Karner (2021): <a href=\"https:\/\/www.westermann.de\/anlage\/4639729\/EXPO-2020-in-Dubai-die-nachhaltigste-Weltausstellung-aller-Zeiten\" target=\"_blank\" rel=\"noreferrer noopener\">EXPO 2020 in Dubai - the most sustainable world exhibition ever?<\/a> In: Geographische Rundschau 73 (9): 46-51.<\/p>\n<!-- \/wp:paragraph -->\n\n<!-- wp:paragraph {\"translatedWithWPMLTM\":\"1\"} -->\n<p>Escher, A. (2021): Pandora (encyclopedia). In: der blaue reiter. Journal of Philosophy, 88-89.<\/p>\n<!-- \/wp:paragraph -->\n\n<!-- wp:paragraph {\"translatedWithWPMLTM\":\"1\"} -->\n<p>Escher, A. (2021): \"Science is not a concert of wishes\". Reflections on the responsibility of (cultural) geography. In: M. Dickel and H. J. B\u00f6hmer (eds.):  <a href=\"https:\/\/www.transcript-verlag.de\/978-3-8376-5665-7\/die-verantwortung-der-geographie\/\" target=\"_blank\" rel=\"noreferrer noopener\">The responsibility of geography. Orientation for reflexive research.<\/a>  Bielefeld, 211-228.<\/p>\n<!-- \/wp:paragraph -->\n\n<!-- wp:paragraph {\"translatedWithWPMLTM\":\"1\"} -->\n<p>Escher, A., M. Karner and H. Rapp (2021): Cinematic cruising: Reel imagination and real experience for pleasure on the high seas. In: Tourism and Hospitality Research 21(3): 374-385. Online: <a href=\"https:\/\/doi.org\/10.1177\/14673584211011711\">https:\/\/doi.org\/10.1177\/14673584211011711<\/a><\/p>\n<!-- \/wp:paragraph -->\n\n<!-- wp:paragraph {\"translatedWithWPMLTM\":\"1\"} -->\n<p>Escher, A. (2021): \"We are still here!\" American Indians, Indian Tribes and Indian Nations in the USA. In: V. Wilhelmi, E. Theve\u00dfen and F. Pfeil (eds.): Geographies of Violence: The USA at the Turning Point - Geographical Perspectives. Mainzer Kontaktstudium Geographie 19. Mainz, 72-97 [Information on <a href=\"https:\/\/www.geo.uni-mainz.de\/mainzer-kontaktstudium-geographie-band-19\/\" target=\"_blank\" rel=\"noreferrer noopener\">ordering<\/a>].<\/p>\n<!-- \/wp:paragraph -->\n\n<!-- wp:paragraph {\"translatedWithWPMLTM\":\"1\"} -->\n<p>Escher, Anton (2026): Escape into Myth or Strategy for Community and Identity? The Whale Rider by Witi Ihimaera. In: Julia Sander, Anke Vogel, Wolfgang J\u00e4ger (eds.): Reading Nature and Cultures. Interdisciplinary Perspectives on Witi Ihimaera's \"The Whale Rider\" and its Contexts. Bielefeld. transcript, 205-212.     <\/p>\n<!-- \/wp:paragraph -->\n<!-- \/wp:jgu\/accordion-item -->\n<!-- \/wp:jgu\/accordion --><\/div>\n<!-- \/wp:column -->\n\n<!-- wp:column -->\n<div class=\"wp-block-column\"><!-- wp:columns -->\n<div class=\"wp-block-columns\"><!-- wp:column -->\n<div class=\"wp-block-column\"><!-- wp:jgu\/image {\"image\":{\"url\":null,\"id\":9241}} \/-->\n\n<!-- wp:jgu\/image {\"image\":{\"url\":null,\"id\":9462}} \/-->\n\n<!-- wp:jgu\/image {\"image\":{\"url\":null,\"id\":11454}} \/--><\/div>\n<!-- \/wp:column -->\n\n<!-- wp:column -->\n<div class=\"wp-block-column\"><!-- wp:jgu\/contact-card {\"name\":\"Prof. Dr. Anton Escher\"} -->\n<!-- wp:jgu\/list-item {\"icon\":\"envelope-solid\",\"title\":\"escher@uni-mainz.de\",\"uuid\":\"1746543656174\"} \/-->\n<!-- \/wp:jgu\/contact-card --><\/div>\n<!-- \/wp:column --><\/div>\n<!-- \/wp:columns --><\/div>\n<!-- \/wp:column --><\/div>\n<!-- \/wp:columns --><!-- wp:spacer -->\n<div style=\"height:90px\" aria-hidden=\"true\" class=\"wp-block-spacer\"><\/div>\n<!-- \/wp:spacer --><!-- wp:jgu\/button -->\n<!-- wp:jgu\/button-item {\"text\":\"Further publications\",\"link\":{\"url\":\"https:\/\/www.geo.uni-mainz.de\/publikationen-anton-escher\/\",\"linkTarget\":\"\",\"rel\":\"\",\"id\":\"https:\/\/www.geo.uni-mainz.de\/publikationen-anton-escher\/\",\"title\":\"https:\/\/www.geo.uni-mainz.de\/publikationen-anton-escher\/\",\"type\":\"link\"}} \/-->\n<!-- \/wp:jgu\/button --><!-- wp:spacer {\"height\":\"443px\"} -->\n<div style=\"height:443px\" aria-hidden=\"true\" class=\"wp-block-spacer\"><\/div>\n<!-- \/wp:spacer -->","_links":{"self":[{"href":"https:\/\/www.geo.uni-mainz.de\/en\/wp-json\/wp\/v2\/pages\/13365","targetHints":{"allow":["GET"]}}],"collection":[{"href":"https:\/\/www.geo.uni-mainz.de\/en\/wp-json\/wp\/v2\/pages"}],"about":[{"href":"https:\/\/www.geo.uni-mainz.de\/en\/wp-json\/wp\/v2\/types\/page"}],"author":[{"embeddable":true,"href":"https:\/\/www.geo.uni-mainz.de\/en\/wp-json\/wp\/v2\/users\/484"}],"replies":[{"embeddable":true,"href":"https:\/\/www.geo.uni-mainz.de\/en\/wp-json\/wp\/v2\/comments?post=13365"}],"version-history":[{"count":5,"href":"https:\/\/www.geo.uni-mainz.de\/en\/wp-json\/wp\/v2\/pages\/13365\/revisions"}],"predecessor-version":[{"id":25135,"href":"https:\/\/www.geo.uni-mainz.de\/en\/wp-json\/wp\/v2\/pages\/13365\/revisions\/25135"}],"up":[{"embeddable":true,"href":"https:\/\/www.geo.uni-mainz.de\/en\/wp-json\/wp\/v2\/pages\/13818"}],"wp:attachment":[{"href":"https:\/\/www.geo.uni-mainz.de\/en\/wp-json\/wp\/v2\/media?parent=13365"}],"wp:term":[{"taxonomy":"category","embeddable":true,"href":"https:\/\/www.geo.uni-mainz.de\/en\/wp-json\/wp\/v2\/categories?post=13365"},{"taxonomy":"post_tag","embeddable":true,"href":"https:\/\/www.geo.uni-mainz.de\/en\/wp-json\/wp\/v2\/tags?post=13365"}],"curies":[{"name":"wp","href":"https:\/\/api.w.org\/{rel}","templated":true}]}}